{"id":9,"date":"2022-01-11T23:21:10","date_gmt":"2022-01-11T23:21:10","guid":{"rendered":"https:\/\/aaalogistics.mx\/?page_id=9"},"modified":"2022-02-12T00:33:38","modified_gmt":"2022-02-12T00:33:38","slug":"fletes","status":"publish","type":"page","link":"https:\/\/aaalogistics.mx\/index.php\/fletes\/","title":{"rendered":"Fletes"},"content":{"rendered":"\n<div class=\"wp-block-media-text alignwide is-stacked-on-mobile is-vertically-aligned-center\" style=\"grid-template-columns:37% auto\"><figure class=\"wp-block-media-text__media\"><img loading=\"lazy\" decoding=\"async\" width=\"1024\" height=\"1024\" src=\"https:\/\/aaalogistics.mx\/wp-content\/uploads\/2022\/02\/encabezadoflete-1024x1024.jpg\" alt=\"\" class=\"wp-image-398 size-full\" srcset=\"https:\/\/aaalogistics.mx\/wp-content\/uploads\/2022\/02\/encabezadoflete-1024x1024.jpg 1024w, https:\/\/aaalogistics.mx\/wp-content\/uploads\/2022\/02\/encabezadoflete-300x300.jpg 300w, https:\/\/aaalogistics.mx\/wp-content\/uploads\/2022\/02\/encabezadoflete-150x150.jpg 150w, https:\/\/aaalogistics.mx\/wp-content\/uploads\/2022\/02\/encabezadoflete-768x768.jpg 768w, https:\/\/aaalogistics.mx\/wp-content\/uploads\/2022\/02\/encabezadoflete.jpg 1080w\" sizes=\"auto, (max-width: 1024px) 100vw, 1024px\" \/><\/figure><div class=\"wp-block-media-text__content\">\n<p class=\"has-text-align-center\" style=\"font-size:25px\"><strong><mark style=\"background-color:rgba(0, 0, 0, 0)\" class=\"has-inline-color has-black-color\">Resolvemos necesidades ordinarias y extraordinarias con el transporte de tu mercanc\u00eda y administramos tu cadena log\u00edstica a nivel local, nacional e internacional impulsamos el crecimiento de tu negocio a trav\u00e9s de nuestras alianzas comerciales alrededor del mundo.<\/mark><\/strong><\/p>\n<\/div><\/div>\n\n\n\n<hr class=\"wp-block-separator has-text-color has-background has-black-background-color has-black-color is-style-wide\"\/>\n\n\n\n<div class=\"wp-block-cover is-light has-parallax wp-duotone-000000-00a5ff-1\" style=\"background-image:url(https:\/\/aaalogistics.mx\/wp-content\/uploads\/2022\/02\/FletesBGparallax.jpg)\"><span aria-hidden=\"true\" class=\"wp-block-cover__gradient-background has-background-dim\"><\/span><div class=\"wp-block-cover__inner-container is-layout-flow wp-block-cover-is-layout-flow\"><div class=\"oxi-addons-container   oxi-addons-flipbox-template-style1\">        <div class=\"oxilab-flip-box-wrapper\">\r\n                                <div class=\"oxilab-flip-box-col-3 oxilab-flip-box-padding-1\"\r\n                         sa-data-animation=\"pulse\"\r\n                         sa-data-animation-offset=\"100%\"\r\n                         sa-data-animation-delay=\"0ms\"\r\n                         sa-data-animation-duration=\" 2000ms\"\r\n                         >\r\n                        <div class=\"  oxilab-flip-box-body-1 oxilab-flip-box-body-1-1\">\r\n                                                        <div class=\"oxilab-flip-box-body-absulote\">\r\n                                <div class=\"oxilab-flip-box-flip oxilab-flip-box-flip-right-to-left\">\r\n                                    <div class=\"oxilab-flip-box-style-data easing_easeOutBack\">\r\n                                        <div class=\"oxilab-flip-box-style\">\r\n                                            <div class=\"oxilab-flip-box-front\">\r\n                                                <div class=\"oxilab-flip-box-1\">\r\n                                                    <div class=\"oxilab-flip-box-1-data\">\r\n                                                        <div class=\"oxilab-flip-box-1-image\">\r\n                                                            <img decoding=\"async\" src=\"https:\/\/aaalogistics.mx\/wp-content\/uploads\/2022\/02\/Flete1.jpg\" alt=\"\">\r\n\r\n                                                            <div class=\"oxilab-flip-box-1-image-icon\">\r\n                                                                        <i class=\"fas fa-ship oxi-icons\"><\/i>\r\n                                                            <\/div>\r\n                                                        <\/div>\r\n                                                        <div class=\"oxilab-flip-box-1-heading\">\r\n                                                            <div class=\"oxilab-flip-box-1-heading-data\">\r\n                                                                Fletes Mar\u00edtimos                                                            <\/div>\r\n                                                        <\/div>\r\n                                                    <\/div>\r\n                                                <\/div>\r\n                                            <\/div>\r\n                                            <div class=\"oxilab-flip-box-back\">\r\n                                                <div class=\"oxilab-flip-box-back-1\">\r\n                                                    <div class=\"oxilab-flip-box-back-1-data\">\r\n                                                        <div class=\"oxilab-flip-box-back-1-file\">\r\n                                                            <div class=\"oxilab-info\">\r\n                                                                Somos tu mejor opci\u00f3n para transportar mercanc\u00edas v\u00eda mar\u00edtima internacionalmente. Con presencia en m\u00e1s de 10 pa\u00edses y actividad en los principales puertos del mundo.                                                            <\/div>\r\n                                                                                                                            <div class=\"oxilab-button\">\r\n                                                                    <a href=\"https:\/\/docs.google.com\/forms\/d\/e\/1FAIpQLSeFSbxMuzLK2sY6sTK79kt-Mpnz75s2tmNLeLGF9jW4oG6ruQ\/viewform\" target=\"_blank\">\r\n                                                                        <span class=\"oxilab-button-data\">\r\n                                                                            Solicitar Cotizaci\u00f3n                                                                        <\/span>\r\n                                                                    <\/a>\r\n                                                                <\/div>\r\n                                                                                                                        <\/div>\r\n                                                    <\/div>\r\n                                                <\/div>\r\n                                            <\/div>\r\n                                        <\/div>\r\n                                    <\/div>\r\n                                <\/div>\r\n                            <\/div>\r\n                                                    <\/div>\r\n\r\n                                            <\/div>\r\n                                        <div class=\"oxilab-flip-box-col-3 oxilab-flip-box-padding-1\"\r\n                         sa-data-animation=\"pulse\"\r\n                         sa-data-animation-offset=\"100%\"\r\n                         sa-data-animation-delay=\"0ms\"\r\n                         sa-data-animation-duration=\" 2000ms\"\r\n                         >\r\n                        <div class=\"  oxilab-flip-box-body-1 oxilab-flip-box-body-1-2\">\r\n                                                        <div class=\"oxilab-flip-box-body-absulote\">\r\n                                <div class=\"oxilab-flip-box-flip oxilab-flip-box-flip-right-to-left\">\r\n                                    <div class=\"oxilab-flip-box-style-data easing_easeOutBack\">\r\n                                        <div class=\"oxilab-flip-box-style\">\r\n                                            <div class=\"oxilab-flip-box-front\">\r\n                                                <div class=\"oxilab-flip-box-1\">\r\n                                                    <div class=\"oxilab-flip-box-1-data\">\r\n                                                        <div class=\"oxilab-flip-box-1-image\">\r\n                                                            <img decoding=\"async\" src=\"https:\/\/aaalogistics.mx\/wp-content\/uploads\/2022\/02\/flete3.jpg\" alt=\"\">\r\n\r\n                                                            <div class=\"oxilab-flip-box-1-image-icon\">\r\n                                                                        <i class=\"fas fa-plane-departure oxi-icons\"><\/i>\r\n                                                            <\/div>\r\n                                                        <\/div>\r\n                                                        <div class=\"oxilab-flip-box-1-heading\">\r\n                                                            <div class=\"oxilab-flip-box-1-heading-data\">\r\n                                                                Fletes A\u00e9reos                                                            <\/div>\r\n                                                        <\/div>\r\n                                                    <\/div>\r\n                                                <\/div>\r\n                                            <\/div>\r\n                                            <div class=\"oxilab-flip-box-back\">\r\n                                                <div class=\"oxilab-flip-box-back-1\">\r\n                                                    <div class=\"oxilab-flip-box-back-1-data\">\r\n                                                        <div class=\"oxilab-flip-box-back-1-file\">\r\n                                                            <div class=\"oxilab-info\">\r\n                                                                Somos especialistas en los fletes a\u00e9reos internacionales. Creamos soluciones a la medida de tus necesidades para que tu mercanc\u00eda viaje de la manera m\u00e1s r\u00e1pida, eficiente y segura.                                                            <\/div>\r\n                                                                                                                            <div class=\"oxilab-button\">\r\n                                                                    <a href=\"https:\/\/docs.google.com\/forms\/d\/e\/1FAIpQLSeFSbxMuzLK2sY6sTK79kt-Mpnz75s2tmNLeLGF9jW4oG6ruQ\/viewform\" target=\"_blank\">\r\n                                                                        <span class=\"oxilab-button-data\">\r\n                                                                            Solicitar Cotizaci\u00f3n                                                                        <\/span>\r\n                                                                    <\/a>\r\n                                                                <\/div>\r\n                                                                                                                        <\/div>\r\n                                                    <\/div>\r\n                                                <\/div>\r\n                                            <\/div>\r\n                                        <\/div>\r\n                                    <\/div>\r\n                                <\/div>\r\n                            <\/div>\r\n                                                    <\/div>\r\n\r\n                                            <\/div>\r\n                                        <div class=\"oxilab-flip-box-col-3 oxilab-flip-box-padding-1\"\r\n                         sa-data-animation=\"pulse\"\r\n                         sa-data-animation-offset=\"100%\"\r\n                         sa-data-animation-delay=\"0ms\"\r\n                         sa-data-animation-duration=\" 2000ms\"\r\n                         >\r\n                        <div class=\"  oxilab-flip-box-body-1 oxilab-flip-box-body-1-3\">\r\n                                                        <div class=\"oxilab-flip-box-body-absulote\">\r\n                                <div class=\"oxilab-flip-box-flip oxilab-flip-box-flip-right-to-left\">\r\n                                    <div class=\"oxilab-flip-box-style-data easing_easeOutBack\">\r\n                                        <div class=\"oxilab-flip-box-style\">\r\n                                            <div class=\"oxilab-flip-box-front\">\r\n                                                <div class=\"oxilab-flip-box-1\">\r\n                                                    <div class=\"oxilab-flip-box-1-data\">\r\n                                                        <div class=\"oxilab-flip-box-1-image\">\r\n                                                            <img decoding=\"async\" src=\"https:\/\/aaalogistics.mx\/wp-content\/uploads\/2022\/02\/flete5.jpg\" alt=\"\">\r\n\r\n                                                            <div class=\"oxilab-flip-box-1-image-icon\">\r\n                                                                        <i class=\"fas fa-truck-moving oxi-icons\"><\/i>\r\n                                                            <\/div>\r\n                                                        <\/div>\r\n                                                        <div class=\"oxilab-flip-box-1-heading\">\r\n                                                            <div class=\"oxilab-flip-box-1-heading-data\">\r\n                                                                Carga Proyecto                                                            <\/div>\r\n                                                        <\/div>\r\n                                                    <\/div>\r\n                                                <\/div>\r\n                                            <\/div>\r\n                                            <div class=\"oxilab-flip-box-back\">\r\n                                                <div class=\"oxilab-flip-box-back-1\">\r\n                                                    <div class=\"oxilab-flip-box-back-1-data\">\r\n                                                        <div class=\"oxilab-flip-box-back-1-file\">\r\n                                                            <div class=\"oxilab-info\">\r\n                                                                Somos expertos en embarques de carga sobredimensionada. Nuestro \u00e9xito y prestigio, nos ha posicionado como el forwarder l\u00edder en Latinoam\u00e9rica para este sector.                                                            <\/div>\r\n                                                                                                                            <div class=\"oxilab-button\">\r\n                                                                    <a href=\"https:\/\/docs.google.com\/forms\/d\/e\/1FAIpQLSeFSbxMuzLK2sY6sTK79kt-Mpnz75s2tmNLeLGF9jW4oG6ruQ\/viewform\" target=\"_blank\">\r\n                                                                        <span class=\"oxilab-button-data\">\r\n                                                                            Solicitar Cotizaci\u00f3n                                                                        <\/span>\r\n                                                                    <\/a>\r\n                                                                <\/div>\r\n                                                                                                                        <\/div>\r\n                                                    <\/div>\r\n                                                <\/div>\r\n                                            <\/div>\r\n                                        <\/div>\r\n                                    <\/div>\r\n                                <\/div>\r\n                            <\/div>\r\n                                                    <\/div>\r\n\r\n                                            <\/div>\r\n                    \r\n        <\/div>\r\n        <\/div>\n<\/div><\/div>\n\n\n\n<hr class=\"wp-block-separator has-text-color has-background has-black-background-color has-black-color is-style-wide\"\/>\n\n\n\n<div class=\"wp-block-group alignfull has-black-color has-text-color\"><div class=\"wp-block-group__inner-container is-layout-flow wp-block-group-is-layout-flow\">\n<div style=\"height:10px\" aria-hidden=\"true\" class=\"wp-block-spacer\"><\/div>\n<\/div><\/div>\n\n\n\n            <div class=\"oxi-addons-container noLightbox oxi-image-hover-wrapper-1 \" id=\"oxi-image-hover-wrapper-1\">\r\n                <div class=\"oxi-addons-row\">\r\n                    \r\n            <div class=\"oxi-image-hover-style oxi-bt-col-lg-4 oxi-bt-col-md-12 oxi-bt-col-sm-12  \"  >\r\n                <div class=\"oxi-image-hover-style-flipbox\">\r\n                                            <a  href=\"#fcl\">\r\n                                                    <div class=\"oxi-image-hover oxi-image-flipbox-hover oxi-image-flipbox-hover-style-2 oxi-image-flipbox-hover-1-1\">\r\n                            <div class=\"oxi-image-hover-figure oxi-image-flip-right-to-left \">\r\n                                <div class=\"oxi-image-hover-figure-frontend\">\r\n                                    <div class=\"oxi-image-hover-figure-front-section  image-hover-align-center-center\">\r\n                                                                                    <div class=\"oxi-image-hover-icon\"><i class=\"fas fa-archive oxi-icons\"><\/i><\/div>\r\n                                                                                        <div class=\"oxi-image-hover-heading  \">FCL<\/div>\r\n                                                                                        <div class=\"oxi-image-hover-content\">Flete en contenedor completo.<\/div>\r\n                                                                                <\/div>\r\n                                <\/div>\r\n                                <div class=\"oxi-image-hover-figure-backend\">\r\n                                    <div class=\"oxi-image-hover-figure-back-section image-hover-align-center-center\">\r\n                                                                                    <div class=\"oxi-image-hover-content    \">Este tipo de carga se utiliza cuando el exportador utiliza un contenedor entero para el env\u00edo de la mercanc\u00eda. Uno de los principales motivos para usar este tipo de carga es para maximizar y proteger la mercanc\u00eda enviada y reducir costes.<\/div>\r\n                                                                                <\/div>\r\n                                <\/div>\r\n                            <\/div>\r\n                        <\/div>\r\n                                                <\/a>\r\n                                        <\/div>\r\n                            <\/div>\r\n            \r\n            <div class=\"oxi-image-hover-style oxi-bt-col-lg-4 oxi-bt-col-md-12 oxi-bt-col-sm-12  \"  >\r\n                <div class=\"oxi-image-hover-style-flipbox\">\r\n                                            <a  href=\"#lcl\">\r\n                                                    <div class=\"oxi-image-hover oxi-image-flipbox-hover oxi-image-flipbox-hover-style-2 oxi-image-flipbox-hover-1-2\">\r\n                            <div class=\"oxi-image-hover-figure oxi-image-flip-right-to-left \">\r\n                                <div class=\"oxi-image-hover-figure-frontend\">\r\n                                    <div class=\"oxi-image-hover-figure-front-section  image-hover-align-center-center\">\r\n                                                                                    <div class=\"oxi-image-hover-icon\"><i class=\"fas fa-box oxi-icons\"><\/i><\/div>\r\n                                                                                        <div class=\"oxi-image-hover-heading  \">LCL<\/div>\r\n                                                                                        <div class=\"oxi-image-hover-content\">Flete por pallet.<\/div>\r\n                                                                                <\/div>\r\n                                <\/div>\r\n                                <div class=\"oxi-image-hover-figure-backend\">\r\n                                    <div class=\"oxi-image-hover-figure-back-section image-hover-align-center-center\">\r\n                                                                                    <div class=\"oxi-image-hover-content    \">Es un tipo de carga cuyo contenedor no tiene porque tener una mercanc\u00eda del mismo tipo y, adem\u00e1s, es de menor tama\u00f1o. Este tipo de carga beneficia en gran medida a aquellos que van a enviar poca cantidad ya que solo pagan la parte utilizada del contenedor.<\/div>\r\n                                                                                <\/div>\r\n                                <\/div>\r\n                            <\/div>\r\n                        <\/div>\r\n                                                <\/a>\r\n                                        <\/div>\r\n                            <\/div>\r\n            \r\n            <div class=\"oxi-image-hover-style oxi-bt-col-lg-4 oxi-bt-col-md-12 oxi-bt-col-sm-12  \"  >\r\n                <div class=\"oxi-image-hover-style-flipbox\">\r\n                                            <a  href=\"#reefer\">\r\n                                                    <div class=\"oxi-image-hover oxi-image-flipbox-hover oxi-image-flipbox-hover-style-2 oxi-image-flipbox-hover-1-3\">\r\n                            <div class=\"oxi-image-hover-figure oxi-image-flip-right-to-left \">\r\n                                <div class=\"oxi-image-hover-figure-frontend\">\r\n                                    <div class=\"oxi-image-hover-figure-front-section  image-hover-align-center-center\">\r\n                                                                                    <div class=\"oxi-image-hover-icon\"><i class=\"fas fa-layer-group oxi-icons\"><\/i><\/div>\r\n                                                                                        <div class=\"oxi-image-hover-heading  \">Reefer Cargo<\/div>\r\n                                                                                        <div class=\"oxi-image-hover-content\">Servicio de carga perecedera.<\/div>\r\n                                                                                <\/div>\r\n                                <\/div>\r\n                                <div class=\"oxi-image-hover-figure-backend\">\r\n                                    <div class=\"oxi-image-hover-figure-back-section image-hover-align-center-center\">\r\n                                                                                    <div class=\"oxi-image-hover-content    \">Se utilizan para transportar mercanc\u00edas que requieren condiciones de temperatura controlada en tr\u00e1nsito. Productos como frutas, verduras, productos l\u00e1cteos y carne son mercanc\u00edas t\u00edpicas para enviar en este tipo de contenedor mar\u00edtimo.<\/div>\r\n                                                                                <\/div>\r\n                                <\/div>\r\n                            <\/div>\r\n                        <\/div>\r\n                                                <\/a>\r\n                                        <\/div>\r\n                            <\/div>\r\n                            <\/div>\r\n            <\/div>\r\n        \n\n\n\n<hr class=\"wp-block-separator has-text-color has-background has-black-background-color has-black-color is-style-wide\"\/>\n\n\n\n<blockquote class=\"wp-block-quote has-text-align-center is-style-large is-layout-flow wp-block-quote-is-layout-flow\"><p><font style=\"vertical-align: inherit;\"><font style=\"vertical-align: inherit;\"><strong>&#8220;El comercio une al mundo en una com\u00fan hermandad de dependencia mutua y de intereses rec\u00edprocos&#8221;.<\/strong><\/font><\/font><\/p><cite><em>\u2014James A. Garfield.<\/em><\/cite><\/blockquote>\n\n\n\n<hr class=\"wp-block-separator has-text-color has-background has-black-background-color has-black-color is-style-default\"\/>\n\n\n\n<p><\/p>\n","protected":false},"excerpt":{"rendered":"<p>Resolvemos necesidades ordinarias y extraordinarias con el transporte de tu mercanc\u00eda y administramos tu cadena log\u00edstica a nivel local, nacional e internacional impulsamos el crecimiento de tu negocio a trav\u00e9s de nuestras alianzas comerciales alrededor del mundo. &#8220;El comercio une al mundo en una com\u00fan hermandad de dependencia mutua y de intereses rec\u00edprocos&#8221;. \u2014James A.<\/p>\n","protected":false},"author":1,"featured_media":0,"parent":0,"menu_order":0,"comment_status":"closed","ping_status":"closed","template":"full-width.php","meta":{"footnotes":""},"class_list":["post-9","page","type-page","status-publish","hentry"],"_links":{"self":[{"href":"https:\/\/aaalogistics.mx\/index.php\/wp-json\/wp\/v2\/pages\/9","targetHints":{"allow":["GET"]}}],"collection":[{"href":"https:\/\/aaalogistics.mx\/index.php\/wp-json\/wp\/v2\/pages"}],"about":[{"href":"https:\/\/aaalogistics.mx\/index.php\/wp-json\/wp\/v2\/types\/page"}],"author":[{"embeddable":true,"href":"https:\/\/aaalogistics.mx\/index.php\/wp-json\/wp\/v2\/users\/1"}],"replies":[{"embeddable":true,"href":"https:\/\/aaalogistics.mx\/index.php\/wp-json\/wp\/v2\/comments?post=9"}],"version-history":[{"count":89,"href":"https:\/\/aaalogistics.mx\/index.php\/wp-json\/wp\/v2\/pages\/9\/revisions"}],"predecessor-version":[{"id":455,"href":"https:\/\/aaalogistics.mx\/index.php\/wp-json\/wp\/v2\/pages\/9\/revisions\/455"}],"wp:attachment":[{"href":"https:\/\/aaalogistics.mx\/index.php\/wp-json\/wp\/v2\/media?parent=9"}],"curies":[{"name":"wp","href":"https:\/\/api.w.org\/{rel}","templated":true}]}}