{"id":7,"date":"2022-01-11T23:21:09","date_gmt":"2022-01-11T23:21:09","guid":{"rendered":"https:\/\/aaalogistics.mx\/?page_id=7"},"modified":"2022-04-21T18:15:10","modified_gmt":"2022-04-21T18:15:10","slug":"acerca","status":"publish","type":"page","link":"https:\/\/aaalogistics.mx\/index.php\/acerca\/","title":{"rendered":"A Cerca de AAA Logistics &#038; Customs"},"content":{"rendered":"\n<hr class=\"wp-block-separator has-text-color has-background has-black-background-color has-black-color is-style-wide\"\/>\n\n\n\n<font color=\"#0396a3\" size=\"+1\"><marquee bgcolor=\"black\" behavior=\"scroll\" direction=\"left\" align=\"center\">Gestionando operaciones log\u00edsticas con presencia en m\u00e1s de 10 pa\u00edses alrededor del mundo.<\/marquee><\/font>\n\n\n\n<!--more-->\n\n\n\n<hr class=\"wp-block-separator has-text-color has-background has-black-background-color has-black-color is-style-dots\"\/>\n\n\n\n<div class=\"wp-block-group\"><div class=\"wp-block-group__inner-container is-layout-flow wp-block-group-is-layout-flow\">\n<h2 class=\"alignwide has-text-align-center wp-block-heading\" id=\"con-el-respaldo-de-mas-de-20-anos-de-experiencia-en-logistica-internacional-contando-con-corresponsales-y-co-leader-alrededor-del-mundo\" style=\"font-size:33px;line-height:1.1\"><mark style=\"background-color:#ffffff\" class=\"has-inline-color has-black-color\"><sup><sub>Con el respaldo de m\u00e1s de 20 a\u00f1os de experiencia en Log\u00edstica Internacional,<\/sub><\/sup><\/mark><br><mark style=\"background-color:#ffffff\" class=\"has-inline-color has-black-color\"><sup><sub>contando con corresponsales y Co-Leader alrededor del mundo.<\/sub><\/sup><\/mark><\/h2>\n<\/div><\/div>\n\n\n\n<hr class=\"wp-block-separator has-text-color has-background has-black-background-color has-black-color is-style-wide\"\/>\n\n\n\n<figure class=\"wp-block-video\"><video height=\"830\" style=\"aspect-ratio: 1900 \/ 830;\" width=\"1900\" autoplay loop preload=\"auto\" src=\"https:\/\/aaalogistics.mx\/wp-content\/uploads\/2022\/02\/Galeria-Sitio-Web-AAA.mp4\"><\/video><\/figure>\n\n\n\n<hr class=\"wp-block-separator has-text-color has-background has-black-background-color has-black-color is-style-wide\"\/>\n\n\n\n<h1 class=\"has-text-align-center wp-block-heading\" id=\"expertos-en-el-ramo-de-logistica-internacional-y-transporte-de-mercancias-multimodal-a-traves-de-las-mejores-alianzas-comerciales-con-proveedores-y-autoridades\" style=\"font-size:29px\"><sup><sub><mark style=\"background-color:rgba(0, 0, 0, 0)\" class=\"has-inline-color has-black-color\">Expertos en el ramo de Log\u00edstica Internacional y Transporte de Mercanc\u00edas multimodal,<\/mark><\/sub><\/sup><br><sup><sub><mark style=\"background-color:rgba(0, 0, 0, 0)\" class=\"has-inline-color has-black-color\">a trav\u00e9s de las mejores alianzas comerciales con proveedores y autoridades.<\/mark><\/sub><\/sup><\/h1>\n\n\n\n<hr class=\"wp-block-separator has-text-color has-background has-black-background-color has-black-color is-style-wide\"\/>\n\n\n\n<font color=\"#0396a3\" size=\"+1\"><marquee bgcolor=\"black\" behavior=\"scroll\" direction=\"left\" align=\"center\">Contamos con una amplia red de agentes que nos permiten agilizar los procesos de log\u00edstica.<\/marquee><\/font>\n\n\n\n<hr class=\"wp-block-separator has-text-color has-background has-black-background-color has-black-color is-style-dots\"\/>\n\n\n\n<div class=\"wp-block-media-text alignfull has-media-on-the-right is-stacked-on-mobile is-vertically-aligned-center has-text-color has-background has-link-color wp-elements-bbc05d68386eb2e44f769e2ac9eb368d\" style=\"background-color:#121c1c;color:#fffdc7;grid-template-columns:auto 62%\"><figure class=\"wp-block-media-text__media\"><img loading=\"lazy\" decoding=\"async\" width=\"1024\" height=\"453\" src=\"https:\/\/aaalogistics.mx\/wp-content\/uploads\/2022\/01\/cropped-fondoaaa1-3-scaled-1-1024x453.jpg\" alt=\"\" class=\"wp-image-145 size-full\" srcset=\"https:\/\/aaalogistics.mx\/wp-content\/uploads\/2022\/01\/cropped-fondoaaa1-3-scaled-1-1024x453.jpg 1024w, https:\/\/aaalogistics.mx\/wp-content\/uploads\/2022\/01\/cropped-fondoaaa1-3-scaled-1-300x133.jpg 300w, https:\/\/aaalogistics.mx\/wp-content\/uploads\/2022\/01\/cropped-fondoaaa1-3-scaled-1-768x340.jpg 768w, https:\/\/aaalogistics.mx\/wp-content\/uploads\/2022\/01\/cropped-fondoaaa1-3-scaled-1-1536x680.jpg 1536w, https:\/\/aaalogistics.mx\/wp-content\/uploads\/2022\/01\/cropped-fondoaaa1-3-scaled-1.jpg 1920w\" sizes=\"auto, (max-width: 1024px) 100vw, 1024px\" \/><\/figure><div class=\"wp-block-media-text__content\">\n<div class=\"wp-block-group has-link-color wp-elements-9e3b65760ffca0696fe2912838da6167\" style=\"padding-top:2em;padding-right:2em;padding-bottom:2em;padding-left:2em\"><div class=\"wp-block-group__inner-container is-layout-flow wp-block-group-is-layout-flow\">\n<h2 class=\"has-text-align-center has-white-color has-text-color wp-block-heading\" id=\"traemos-mercancia-desde-cualquier-parte-del-mundo\" style=\"font-size:32px;font-style:italic;font-weight:200;line-height:1.15\"><sub><sup><strong>Traemos mercanc\u00eda desde cualquier parte del mundo.<\/strong><\/sup><\/sub><\/h2>\n\n\n\n<p class=\"has-text-color has-link-color wp-elements-00aff78c92921c51ab390cd2fcf14651\" style=\"color:#fffdc7\"><strong><a href=\"https:\/\/docs.google.com\/forms\/d\/e\/1FAIpQLSeFSbxMuzLK2sY6sTK79kt-Mpnz75s2tmNLeLGF9jW4oG6ruQ\/viewform\" target=\"_blank\" rel=\"noreferrer noopener\">Cotizar \u2192<\/a><\/strong><\/p>\n<\/div><\/div>\n<\/div><\/div>\n\n\n\n<hr class=\"wp-block-separator has-text-color has-background has-black-background-color has-black-color is-style-default\"\/>\n\n\n\n<p><\/p>\n","protected":false},"excerpt":{"rendered":"<p>Gestionando operaciones log\u00edsticas con presencia en m\u00e1s de 10 pa\u00edses alrededor del mundo.<\/p>\n","protected":false},"author":1,"featured_media":0,"parent":0,"menu_order":0,"comment_status":"closed","ping_status":"closed","template":"full-width.php","meta":{"footnotes":""},"class_list":["post-7","page","type-page","status-publish","hentry"],"_links":{"self":[{"href":"https:\/\/aaalogistics.mx\/index.php\/wp-json\/wp\/v2\/pages\/7","targetHints":{"allow":["GET"]}}],"collection":[{"href":"https:\/\/aaalogistics.mx\/index.php\/wp-json\/wp\/v2\/pages"}],"about":[{"href":"https:\/\/aaalogistics.mx\/index.php\/wp-json\/wp\/v2\/types\/page"}],"author":[{"embeddable":true,"href":"https:\/\/aaalogistics.mx\/index.php\/wp-json\/wp\/v2\/users\/1"}],"replies":[{"embeddable":true,"href":"https:\/\/aaalogistics.mx\/index.php\/wp-json\/wp\/v2\/comments?post=7"}],"version-history":[{"count":64,"href":"https:\/\/aaalogistics.mx\/index.php\/wp-json\/wp\/v2\/pages\/7\/revisions"}],"predecessor-version":[{"id":459,"href":"https:\/\/aaalogistics.mx\/index.php\/wp-json\/wp\/v2\/pages\/7\/revisions\/459"}],"wp:attachment":[{"href":"https:\/\/aaalogistics.mx\/index.php\/wp-json\/wp\/v2\/media?parent=7"}],"curies":[{"name":"wp","href":"https:\/\/api.w.org\/{rel}","templated":true}]}}